{"id":261,"date":"2016-12-15T10:56:34","date_gmt":"2016-12-15T09:56:34","guid":{"rendered":"http:\/\/ch.www2.itcfund.org\/?page_id=261"},"modified":"2024-08-19T09:24:13","modified_gmt":"2024-08-19T07:24:13","slug":"engage","status":"publish","type":"page","link":"https:\/\/www.itcf.ch\/fr\/engage\/","title":{"rendered":"Sauvez les for\u00eats"},"content":{"rendered":"\n<div class=\"wp-container-1 wp-block-group schmaler\"><div class=\"wp-block-group__inner-container\">\n<h1>Sauvez les for\u00eats<\/h1>\n\n\n\n<p class=\"lead\">La conservation de la nature ne peut se faire gratuitement&nbsp;: prot\u00e9ger les derni\u00e8res for\u00eats du nord-est du Belize jour apr\u00e8s jour co\u00fbte aujourd\u2019hui CHF 700\u2019000.- par ann\u00e9e.<\/p>\n\n\n\n<p>Si vous pensez, comme nous, qu\u2019il est pr\u00e9f\u00e9rable d\u2019investir tr\u00e8s concr\u00e8tement&nbsp;chaque franc r\u00e9colt\u00e9 dans le terrain afin de prot\u00e9ger les derniers arbres et animaux qui y vivent, alors merci de penser \u00e0 faire un don au projet ! Nous sommes fiers de pouvoir garantir que le 100% des dons individuels vont dans le terrain, l\u00e0 o\u00f9 ils sont n\u00e9cessaires.<\/p>\n\n\n\n<p>Soutenir ce beau projet est facile. Vous pouvez devenir un&nbsp;ami de Shipstern&nbsp;ou&nbsp;adopter un hectare de for\u00eat ou un animal vivant dans nos r\u00e9serves. Toutes les adoptions sont confirm\u00e9es par un certificat d\u2019adoption et en tant qu\u2019ami, vous recevrez notre bulletin d\u2019information \u00abShipstern News\u00bb deux \u00e0 trois fois par ann\u00e9e.<\/p>\n\n\n\n<a class=\"linkbutton\" href=\"\/fr\/#Dons\" data-type=\"URL\" data-id=\"\/#Dons\">Dons<\/a>&nbsp;<a class=\"linkbutton\" href=\"\/#heritage\" data-type=\"URL\" data-id=\"\/#heritage\">H\u00e9ritage \/ legs<\/a>&nbsp;<a class=\"linkbutton\" href=\"\/#Deuil\" data-type=\"URL\" data-id=\"\/#Deuil\">Deuil<\/a>&nbsp;\n<\/div><\/div>\n\n\n\n<div style=\"height:70px\" aria-hidden=\"true\" id=\"Dons\" class=\"wp-block-spacer\"><\/div>\n\n\n\n<h2>Dons<\/h2>\n\n\n<div id=\"metaslider-id-849\" style=\"width: 100%;\" class=\"ml-slider-3-27-8 metaslider metaslider-flex metaslider-849 ml-slider metaslidershadow\">\n    <div id=\"metaslider_container_849\">\n        <div id=\"metaslider_849\" class=\"flexslider\">\n            <ul aria-live=\"polite\" class=\"slides\">\n                <li style=\"display: none; width: 100%;\" class=\"slide-850 ms-image\"><a href=\"http:\/\/www.itcf.ch\/fr\/engage\/shipstern\" target=\"_self\"><img src=\"https:\/\/www.itcf.ch\/fr\/wp-content\/uploads\/sites\/2\/2022\/08\/donate-friends-of-shipstern.jpg\" height=\"400\" width=\"300\" alt=\"\" class=\"slider-849 slide-850\" \/><\/a><div class=\"caption-wrap\"><div class=\"caption\">Devenez un Ami de Shipstern<\/div><\/div><\/li>\n                <li style=\"display: none; width: 100%;\" class=\"slide-851 ms-image\"><a href=\"http:\/\/www.itcf.ch\/fr\/engage\/hectares\" target=\"_self\"><img src=\"https:\/\/www.itcf.ch\/fr\/wp-content\/uploads\/sites\/2\/2022\/08\/donate-hectare.jpg\" height=\"400\" width=\"300\" alt=\"\" class=\"slider-849 slide-851\" \/><\/a><div class=\"caption-wrap\"><div class=\"caption\">Adoptez l\u2019un de 39\u2019800 hectares pour 100.\u2013<\/div><\/div><\/li>\n                <li style=\"display: none; width: 100%;\" class=\"slide-852 ms-image\"><a href=\"http:\/\/www.itcf.ch\/fr\/engage\/spatules-rosees\" target=\"_self\"><img src=\"https:\/\/www.itcf.ch\/fr\/wp-content\/uploads\/sites\/2\/2022\/08\/donate-roseate-spoonbill.jpg\" height=\"400\" width=\"300\" alt=\"\" class=\"slider-849 slide-852\" title=\"donate-roseate-spoonbill\" \/><\/a><div class=\"caption-wrap\"><div class=\"caption\">Adoptez l\u2019une de 60 Spatules ros\u00e9es pour 100.\u2013<\/div><\/div><\/li>\n                <li style=\"display: none; width: 100%;\" class=\"slide-853 ms-image\"><a href=\"http:\/\/www.itcf.ch\/fr\/engage\/hoccos\" target=\"_self\"><img src=\"https:\/\/www.itcf.ch\/fr\/wp-content\/uploads\/sites\/2\/2022\/08\/donate-great-currassow.jpg\" height=\"400\" width=\"300\" alt=\"\" class=\"slider-849 slide-853\" \/><\/a><div class=\"caption-wrap\"><div class=\"caption\">Adoptez l\u2019un de 750 Hoccos pour 150.\u2013\n<\/div><\/div><\/li>\n                <li style=\"display: none; width: 100%;\" class=\"slide-854 ms-image\"><a href=\"http:\/\/www.itcf.ch\/fr\/engage\/toucans-arc-en-ciel\" target=\"_self\"><img src=\"https:\/\/www.itcf.ch\/fr\/wp-content\/uploads\/sites\/2\/2022\/08\/donate-keel-billed-toucan.jpg\" height=\"400\" width=\"300\" alt=\"\" class=\"slider-849 slide-854\" \/><\/a><div class=\"caption-wrap\"><div class=\"caption\">Adoptez l\u2019un de 200 Toucans arc-en-ciel pour 250.\u2013<\/div><\/div><\/li>\n                <li style=\"display: none; width: 100%;\" class=\"slide-855 ms-image\"><a href=\"http:\/\/www.itcf.ch\/fr\/engage\/ocelots\" target=\"_self\"><img src=\"https:\/\/www.itcf.ch\/fr\/wp-content\/uploads\/sites\/2\/2022\/08\/donate-ocelot.jpg\" height=\"400\" width=\"300\" alt=\"\" class=\"slider-849 slide-855\" \/><\/a><div class=\"caption-wrap\"><div class=\"caption\">Adoptez l\u2019un de 60 Ocelots pour 500.\u2013<\/div><\/div><\/li>\n                <li style=\"display: none; width: 100%;\" class=\"slide-856 ms-image\"><a href=\"http:\/\/www.itcf.ch\/fr\/engage\/tapirs-de-baird\" target=\"_self\"><img src=\"https:\/\/www.itcf.ch\/fr\/wp-content\/uploads\/sites\/2\/2022\/08\/donate-bairds-tapir.jpg\" height=\"400\" width=\"300\" alt=\"\" class=\"slider-849 slide-856\" \/><\/a><div class=\"caption-wrap\"><div class=\"caption\">Adoptez l\u2019un de 50 Tapirs de Baird pour 750.\u2013<\/div><\/div><\/li>\n                <li style=\"display: none; width: 100%;\" class=\"slide-857 ms-image\"><a href=\"http:\/\/www.itcf.ch\/fr\/engage\/jaguars\" target=\"_self\"><img src=\"https:\/\/www.itcf.ch\/fr\/wp-content\/uploads\/sites\/2\/2022\/08\/donate-jaguar.jpg\" height=\"400\" width=\"300\" alt=\"\" class=\"slider-849 slide-857\" \/><\/a><div class=\"caption-wrap\"><div class=\"caption\">Adoptez l\u2019un de 15 Jaguars pour 1000.\u2013<\/div><\/div><\/li>\n            <\/ul>\n        <\/div>\n        \n    <\/div>\n<\/div>\n\n\n\n<div id=\"heritage\" class=\"wp-container-2 wp-block-group schmaler\"><div class=\"wp-block-group__inner-container\">\n<div style=\"height:70px\" aria-hidden=\"true\" class=\"wp-block-spacer\"><\/div>\n\n\n\n<h2>H\u00e9ritage \/ legs en faveur de la fondation ITCF<\/h2>\n\n\n\n<p>Vous souhaitez exprimer votre amour de la nature au-del\u00e0 de votre vie et soutenir activement la protection des for\u00eats tropicales ? De nombreuses personnes se sont passionn\u00e9es leur vie durant pour la biodiversit\u00e9, la protection et la beaut\u00e9 de la nature, et souhaitent par cons\u00e9quent laisser une trace pour les g\u00e9n\u00e9rations futures. Dans votre testament, vous pouvez d\u00e9cider vous-m\u00eame de l\u2019h\u00e9ritage que vous laissez et des valeurs qui vous tiennent \u00e0 c\u0153ur.<\/p>\n\n\n\n<p>Depuis plus de 30 ans, la fondation ITCF s&#8217;engage pour la protection et la conservation des for\u00eats tropicales. En faisant un legs ou un h\u00e9ritage, vous nous soutenez \u00e0 long terme dans cette mission importante.<br>Nous investissons chaque franc de mani\u00e8re extr\u00eamement consciencieuse dans la r\u00e9serve naturelle de Shipstern ou dans notre fonds de dotation, afin de garantir le projet \u00e0 long terme.<\/p>\n\n\n\n<blockquote class=\"wp-block-quote\"><p>Texte possible d&#8217;un legs :<br>\u00ab \u2026Mes h\u00e9ritiers doivent verser le legs suivant dans un d\u00e9lai de six mois \u00e0 compter de la date du d\u00e9c\u00e8s : \u00e0 la Fondation ITCF, c\/o Fondation Papiliorama, Moosmatte 1, 3210 Chi\u00e8tres, un montant de CHF\u2026 \u00bb<\/p><\/blockquote>\n\n\n\n<p><strong>Nous vous remercions du fond du c\u0153ur !<\/strong><\/p>\n\n\n\n<p>Si vous avez des questions, n&#8217;h\u00e9sitez pas \u00e0 nous contacter par e-mail \u00e0 <a href=\"mailto:itcf@papiliorama.ch\">itcf@papiliorama.ch<\/a>.<br>Donn\u00e9es du compte :<br><strong>Fondation ITCF, Fond. de la nature tropicale<\/strong><br>c\/o Fondation Papiliorama<br>Moosmatte 1<br>3210 Chi\u00e8tres<\/p>\n\n\n\n<p>Postfinance AG, 3030 Bern<br>IBAN: CH08 0900 0000 2000 4746 7<br>Swift\/BIC: POFICHBEXXX<\/p>\n<\/div><\/div>\n\n\n\n<\/div>\n<\/section>\n<div class=\"trenner_klein noborderfullscreen\" style=\"background: url(\/wp-content\/uploads\/2022\/10\/trenner-shipstern-conservation-management-area-corozal-belize-nature-aracari.jpg) no-repeat center;)\"><\/div><A class=\"anchor\" NAME=\"\"><\/A>\n<section class=\"whitesection\">\n<div id=\"main\" class=\"container schmaler\">\n\n\n\n<div id=\"Deuil\" class=\"wp-container-3 wp-block-group schmaler\"><div class=\"wp-block-group__inner-container\">\n<div style=\"height:70px\" aria-hidden=\"true\" class=\"wp-block-spacer\"><\/div>\n\n\n\n<h2>Deuil : un don en faveur de la Fondation ITCF ?<\/h2>\n\n\n\n<p>\u00ab Un don en lieu et place de fleurs \u00bb &#8211; cela correspond au souhait de nombreuses personnes d\u00e9c\u00e9d\u00e9es ou endeuill\u00e9es. Souhaiteriez-vous vous aussi faire parvenir vos dons \u00e0 une institution d&#8217;utilit\u00e9 publique ?<\/p>\n\n\n\n<p>La Fondation Internationale pour la Conservation de la Nature Tropicale (International Tropical Conservation Foundation &#8211; ITCF) est une fondation d&#8217;utilit\u00e9 publique cr\u00e9\u00e9e en 1989 par le Papiliorama de Chi\u00e8tres. Elle s&#8217;est donn\u00e9e pour mission de contribuer concr\u00e8tement \u00e0 la conservation et \u00e0 la protection des for\u00eats tropicales en r\u00e9alisant et en finan\u00e7ant des projets hautement fonctionnels dans les r\u00e9gions tropicales. La R\u00e9serve Naturelle de Shipstern au Belize (Am\u00e9rique centrale) en fait partie.<\/p>\n\n\n\n<p>Si vous souhaitez nous soutenir dans cette d\u00e9marche, vous pouvez proc\u00e9der comme suit :<\/p>\n\n\n\n<ul><li>Communiquez-nous le nom de la personne d\u00e9c\u00e9d\u00e9e et l&#8217;adresse de la famille en deuil par e-mail \u00e0 : <a href=\"mailto:contact@papiliorama.ch\" target=\"_blank\" rel=\"noreferrer noopener\">contact@papiliorama.ch<\/a>&nbsp;<\/li><\/ul>\n\n\n\n<ul><li>Dans l\u2019avis de d\u00e9c\u00e8s, indiquez que vous souhaiteriez privil\u00e9gier les dons \u00e0 la Fondation ITCF, c\/o Papiliorama selon l\u2019exemple ci-dessous :&nbsp;<\/li><\/ul>\n\n\n\n<blockquote class=\"wp-block-quote\"><p>\u00abEn lieu et place de fleurs et de couronnes, vous pouvez adresser un don \u00e0 la Fondation ITCF, Fond. de la nature tropicale. IBAN : CH08 0900 0000 2000 4746 7. Mention: \u00abDon en m\u00e9moire de Pr\u00e9nom, Nom\u00bb<\/p><\/blockquote>\n\n\n\n<p>Nous remercions personnellement chaque donateur. Parall\u00e8lement, la famille re\u00e7oit apr\u00e8s quelques semaines une liste de toutes les personnes qui ont fait un don en m\u00e9moire de la personne d\u00e9c\u00e9d\u00e9e (avec le montant total des dons, afin qu\u2019elle puisse les remercier \u00e9galement, si souhait\u00e9).<br>La Fondation s\u2019engage \u00e0 investir le 100% des dons de mani\u00e8re extr\u00eamement consciencieuse sur place, au Belize.<\/p>\n<\/div><\/div>\n\n\n\n<div class=\"wp-block-file\"><a id=\"wp-block-file--media-053f7013-bf20-424d-ad2f-221081aef488\" href=\"http:\/\/www.itcf.ch\/fr\/wp-content\/uploads\/sites\/2\/2024\/08\/PDF-FR-Trauerfall-ITCF-definitiv-CB-i.O..pdf\" target=\"_blank\" rel=\"noreferrer noopener\">Proc\u00e9dure pour les dons en cas de deuil :<\/a><a href=\"http:\/\/www.itcf.ch\/fr\/wp-content\/uploads\/sites\/2\/2024\/08\/PDF-FR-Trauerfall-ITCF-definitiv-CB-i.O..pdf\" class=\"wp-block-file__button\" download aria-describedby=\"wp-block-file--media-053f7013-bf20-424d-ad2f-221081aef488\">Download<\/a><\/div>\n","protected":false},"excerpt":{"rendered":"<p>Sauvez les for\u00eats La conservation de la nature ne peut se faire gratuitement&nbsp;: prot\u00e9ger les derni\u00e8res for\u00eats du nord-est du Belize jour apr\u00e8s jour co\u00fbte aujourd\u2019hui CHF 700\u2019000.- par ann\u00e9e. Si vous pensez, comme nous, qu\u2019il est pr\u00e9f\u00e9rable d\u2019investir tr\u00e8s concr\u00e8tement&nbsp;chaque franc r\u00e9colt\u00e9 dans le terrain afin de prot\u00e9ger les derniers arbres et animaux qui<\/p>\n<div><a class=\"btn-filled btn\" href=\"https:\/\/www.itcf.ch\/fr\/engage\/\" title=\"Sauvez les for\u00eats\">Read More<\/a><\/div>\n","protected":false},"author":1,"featured_media":0,"parent":0,"menu_order":0,"comment_status":"closed","ping_status":"closed","template":"page-templates\/full-width.php","meta":[],"_links":{"self":[{"href":"https:\/\/www.itcf.ch\/fr\/wp-json\/wp\/v2\/pages\/261"}],"collection":[{"href":"https:\/\/www.itcf.ch\/fr\/wp-json\/wp\/v2\/pages"}],"about":[{"href":"https:\/\/www.itcf.ch\/fr\/wp-json\/wp\/v2\/types\/page"}],"author":[{"embeddable":true,"href":"https:\/\/www.itcf.ch\/fr\/wp-json\/wp\/v2\/users\/1"}],"replies":[{"embeddable":true,"href":"https:\/\/www.itcf.ch\/fr\/wp-json\/wp\/v2\/comments?post=261"}],"version-history":[{"count":21,"href":"https:\/\/www.itcf.ch\/fr\/wp-json\/wp\/v2\/pages\/261\/revisions"}],"predecessor-version":[{"id":1066,"href":"https:\/\/www.itcf.ch\/fr\/wp-json\/wp\/v2\/pages\/261\/revisions\/1066"}],"wp:attachment":[{"href":"https:\/\/www.itcf.ch\/fr\/wp-json\/wp\/v2\/media?parent=261"}],"curies":[{"name":"wp","href":"https:\/\/api.w.org\/{rel}","templated":true}]}}