{"id":13,"date":"2016-12-08T14:40:42","date_gmt":"2016-12-08T13:40:42","guid":{"rendered":"http:\/\/www.itcf.ch\/fr\/?page_id=13"},"modified":"2025-07-07T12:58:27","modified_gmt":"2025-07-07T10:58:27","slug":"about-itcf","status":"publish","type":"page","link":"https:\/\/www.itcf.ch\/fr\/","title":{"rendered":"A propos de l&#8217;ITCF"},"content":{"rendered":"\n<div class=\"wp-container-1 wp-block-group schmaler\"><div class=\"wp-block-group__inner-container\">\n<h1>A propos de l&#8217;ITCF<\/h1>\n\n\n\n<p class=\"lead\">La Fondation Internationale pour la Conservation de la Nature Tropicale (International Tropical Conservation Foundation&nbsp;&#8211; ITCF) est une fondation d\u2019utilit\u00e9 publique cr\u00e9\u00e9e en 1989 par le Papiliorama de Chi\u00e8tres&nbsp;: elle a pour but&nbsp;de lier la parole aux actes, en prot\u00e9geant concr\u00e8tement et efficacement des \u00e9cosyst\u00e8mes tropicaux.&nbsp;Elle est li\u00e9e \u00e0 une autre fondation \u00e9ponyme aux Pays-Bas, ayant son si\u00e8ge au&nbsp;Royal Burgers\u2019 Zoo&nbsp;de Arnhem.<\/p>\n\n\n\n<a class=\"linkbutton\" href=\"\/#Mission\" data-type=\"URL\" data-id=\"\/#Mission\">Mission<\/a>&nbsp;<a class=\"linkbutton\" href=\"\/#History\" data-type=\"URL\" data-id=\"\/#History\">Histoire<\/a>&nbsp;<a class=\"linkbutton\" href=\"\/#Board\" data-type=\"URL\" data-id=\"\/#Board\">Conseil<\/a>&nbsp;<a class=\"linkbutton\" href=\"\/#Downloads\" data-type=\"URL\" data-id=\"\/#Download\">Download<\/a>&nbsp;<a class=\"linkbutton\" href=\"\/#Partners\" data-type=\"URL\" data-id=\"\/#Partners\">Partenaires<\/a>&nbsp;<a class=\"linkbutton\" href=\"\/fr\/engage\" data-type=\"URL\">Dons<\/a>\n<\/div><\/div>\n\n\n\n<\/section>\n<div class=\"trenner_gross noborderfullscreen\" style=\"background: url(\/wp-content\/uploads\/2022\/10\/trenner-shipstern-conservation-management-area-corozal-belize-nature-canopy.jpg) no-repeat center;)\"><a class=\"fancybutton\" href=\"https:\/\/www.itcf.ch\/fr\/engage\/\" data-type=\"URL\" rel=\"noopener\">Sauvez les for\u00eats!<\/a>\n<\/div><A class=\"anchor\" NAME=\"Mission\"><\/A>\n<section class=\"whitesection\">\n<div id=\"main\" class=\"container schmaler\">\n\n\n\n<div class=\"wp-container-2 wp-block-group schmaler\"><div class=\"wp-block-group__inner-container\">\n<h2>Notre mission<\/h2>\n\n\n\n<p class=\"lead\">L\u2019ITCF a pour mission&nbsp;de contribuer \u00e0 la conservation des for\u00eats tropicales en finan\u00e7ant et en r\u00e9alisant des projets hautement fonctionnels et concrets dans les tropiques.<\/p>\n\n\n\n<p>Son but est de&nbsp;soutenir ces projets sur une tr\u00e8s longue p\u00e9riode&nbsp;afin d\u2019assurer leur viabilit\u00e9, et de financer ce qui est traditionnellement difficile de financer, tels les co\u00fbts op\u00e9rationnels.<\/p>\n\n\n\n<p>Dans un monde o\u00f9&nbsp;80% des zones prot\u00e9g\u00e9es ne disposent pas suffisamment ni de personnel, ni de fonds, ni de protection,&nbsp;nous soutenons les efforts n\u00e9cessaires pour&nbsp;garantir l\u2019int\u00e9grit\u00e9 des zones prot\u00e9g\u00e9es, en nous assurant que la diversit\u00e9 biologique y est effectivement pr\u00e9serv\u00e9e. Dans ce but, l\u2019ITCF collecte des fonds aupr\u00e8s du public, plus&nbsp;particuli\u00e8rement aupr\u00e8s&nbsp;des visiteurs du Papiliorama, tout en recherchant aussi le soutien&nbsp;d\u2019autres jardins zoologiques ou d\u2019autres fondations.<\/p>\n<\/div><\/div>\n\n\n\n<\/div>\n<\/section>\n<div class=\"trenner_klein noborderfullscreen\" style=\"background: url(\/wp-content\/uploads\/2022\/10\/trenner-shipstern-conservation-management-area-corozal-belize-mangrove-ibis-roseate-spoonbill.jpg) no-repeat center;)\">\n<\/div><A class=\"anchor\" NAME=\"History\"><\/A>\n<section>\n<div id=\"main\" class=\"container schmaler\">\n\n\n\n<div class=\"wp-container-3 wp-block-group\"><div class=\"wp-block-group__inner-container\">\n<h2>Histoire<\/h2>\n\n\n\n<p>En 1988, le Papiliorama de Kerzers en Suisse et le Royal Burgers\u2019 Zoo aux Pays Bas ouvraient tous deux leurs expositions tropicales respectives.<\/p>\n\n\n\n<p>Leurs directeurs, Maarten Bijleveld et feu Antoon van Hooff, avaient d\u00e9cid\u00e9&nbsp;d\u2019unir leurs efforts pour lier la parole aux actes: deux organismes caritatifs portant le m\u00eame nom sont alors cr\u00e9\u00e9s simultan\u00e9ment, l\u2019un en Suisse, et l\u2019autre aux Pays-Bas. Ces deux fondations sont&nbsp;toujours bas\u00e9es dans leurs zoosrespectifs. L\u2019ITCF existe aujourd\u2019hui aussi aux Etats-Unis, sous la forme d\u2019une organisation caritative 501c3.<\/p>\n\n\n\n<p>En 1989, l\u2019ITCF fit l\u2019acquisition, au nord-est du Belize en Am\u00e9rique centrale, d\u2019une immense propri\u00e9t\u00e9 qui devint la R\u00e9serve Naturelle de&nbsp;Shipstern. Celle-ci demeure aujourd\u2019hui encore le principal projet de l\u2019ITCF. La r\u00e9serve&nbsp;couvre approximativement 110 km<sup>2<\/sup>, et se caract\u00e9rise par la diversit\u00e9 de ses habitats, entre lagunes et mangroves en passant par des for\u00eats c\u00f4ti\u00e8res s\u00e8ches ainsi que des for\u00eats subtropicales typiques de la P\u00e9ninsule du Yucatan.<\/p>\n\n\n\n<p>Elle appartient \u00e0 et est g\u00e9r\u00e9e par la&nbsp;Corozal Sustainable Future Initiative&nbsp;(CSFI), une ONG b\u00e9lizienne cr\u00e9\u00e9e par l\u2019ITCF, au conseil de laquelle plusieurs membres du conseil de l\u2019ITCF sont repr\u00e9sent\u00e9s.&nbsp;L\u2019ITCF reste \u00e0 ce jour le principal bailleur de fonds de la CSFI.<\/p>\n\n\n\n<p>En 2019, la CSFI, le gouvernement du Belize et des propri\u00e9taires fonciers priv\u00e9s ont cr\u00e9\u00e9 le&nbsp;Corridor Biologique du Nord-Est&nbsp;du Belize, une vaste zone prot\u00e9g\u00e9e au sud de Shipstern. Ce corridor est d\u00e9sormais sous la gestion de CSFI. Ainsi, les efforts de l&#8217;ITCF permettent de prot\u00e9ger d\u00e9sormais pr\u00e8s de 400km<sup>2<\/sup> de paysages naturels intacts dans le nord-est du Belize.<\/p>\n<\/div><\/div>\n\n\n\n<a class=\"linkbutton\" href=\"http:\/\/www.csfi.bz\/projects\/#the-north-eastern-biological-corridor-of-belize\" target=\"_blank\" data-type=\"URL\" rel=\"noopener\">En savoir plus<\/a>\n\n\n\n<\/div>\n<\/section>\n<div class=\"trenner_klein noborderfullscreen\" style=\"background: url(\/wp-content\/uploads\/2022\/10\/trenner-shipstern-conservation-management-area-corozal-belize-nature-aracari.jpg) no-repeat center;)\"><\/div><A class=\"anchor\" NAME=\"Board\"><\/A>\n<section class=\"whitesection\">\n<div id=\"main\" class=\"container schmaler\">\n\n\n\n<div class=\"wp-container-4 wp-block-group\"><div class=\"wp-block-group__inner-container\">\n<h2>Conseil<\/h2>\n\n\n\n<p>La Fondation Internationale pour la Conservation de la Nature Tropicale est une organisation caritative reconnue d\u2019utilit\u00e9 publique et supervis\u00e9e par la Surveillance F\u00e9d\u00e9rale des Fondations. Elle est exon\u00e9r\u00e9e d\u2019imp\u00f4ts au niveau f\u00e9d\u00e9ral et au niveau cantonal. Toutes les donations effectu\u00e9es en Suisse sont donc d\u00e9ductibles des imp\u00f4ts. Le Conseil est compos\u00e9 de six membres qui, en leur qualit\u00e9 de membres du conseil, travaillent sur une base b\u00e9n\u00e9vole.<\/p>\n<\/div><\/div>\n\n\n\n<div class=\"wp-container-7 wp-block-columns\">\n<div class=\"wp-container-5 wp-block-column zentriertsmallscreen\" style=\"flex-basis:33.33%\">\n<figure class=\"wp-block-image size-full is-style-rounded zentriertsmallscreen\"><img loading=\"lazy\" width=\"150\" height=\"151\" src=\"http:\/\/www.itcf.ch\/fr\/wp-content\/uploads\/sites\/2\/2016\/12\/Maarten-Bijleveld.jpeg\" alt=\"\" class=\"wp-image-552\"\/><\/figure>\n<\/div>\n\n\n\n<div class=\"wp-container-6 wp-block-column\" style=\"flex-basis:66.66%\">\n<button type=\"button\" class=\"collapsible\"><h3 style=\"display: inline-block; margin-bottom: 0px\">Maarten Bijleveld<\/h3><\/button>\n<div class=\"colcontent\">\n  <p style=\"padding-top:10px;\">Fondateur du Papiliorama, pr\u00e9sident<\/p>\n<\/div>\n<\/div>\n<\/div>\n\n\n\n<div class=\"wp-container-10 wp-block-columns\">\n<div class=\"wp-container-8 wp-block-column zentriertsmallscreen\" style=\"flex-basis:33.33%\">\n<figure class=\"wp-block-image size-full is-style-rounded zentriertsmallscreen\"><img loading=\"lazy\" width=\"150\" height=\"150\" src=\"http:\/\/www.itcf.ch\/fr\/wp-content\/uploads\/sites\/2\/2016\/12\/Caspar-Bijleveld.jpg\" alt=\"\" class=\"wp-image-548\"\/><\/figure>\n<\/div>\n\n\n\n<div class=\"wp-container-9 wp-block-column\" style=\"flex-basis:66.66%\">\n<button type=\"button\" class=\"collapsible\"><h3 style=\"display: inline-block; margin-bottom: 0px\">Caspar Bijleveld<\/h3><\/button>\n<div class=\"colcontent\">\n  <p style=\"padding-top:10px;\">Fondateur du Papiliorama, pr\u00e9sident<\/p>\n<\/div>\n<\/div>\n<\/div>\n\n\n\n<div class=\"wp-container-13 wp-block-columns\">\n<div class=\"wp-container-11 wp-block-column zentriertsmallscreen\" style=\"flex-basis:33.33%\">\n<figure class=\"wp-block-image size-full is-style-rounded\"><img loading=\"lazy\" width=\"150\" height=\"150\" src=\"http:\/\/www.itcf.ch\/fr\/wp-content\/uploads\/sites\/2\/2022\/08\/Chantal-Derungs2.jpg\" alt=\"\" class=\"wp-image-800\"\/><\/figure>\n<\/div>\n\n\n\n<div class=\"wp-container-12 wp-block-column\" style=\"flex-basis:66.66%\">\n<button type=\"button\" class=\"collapsible\"><h3 style=\"display: inline-block; margin-bottom: 0px\">Chantal Derungs Jakob<\/h3><\/button>\n<div class=\"colcontent\">\n  <p style=\"padding-top:10px;\">Biologiste, tr\u00e9sori\u00e8re<\/p>\n<\/div>\n<\/div>\n<\/div>\n\n\n\n<div class=\"wp-container-16 wp-block-columns\">\n<div class=\"wp-container-14 wp-block-column zentriertsmallscreen\" style=\"flex-basis:33.33%\">\n<figure class=\"wp-block-image size-full is-style-rounded\"><img loading=\"lazy\" width=\"150\" height=\"150\" src=\"http:\/\/www.itcf.ch\/fr\/wp-content\/uploads\/sites\/2\/2016\/12\/Philippe-K\u00fcpfer.png\" alt=\"\" class=\"wp-image-553\"\/><\/figure>\n<\/div>\n\n\n\n<div class=\"wp-container-15 wp-block-column\" style=\"flex-basis:66.66%\">\n<button type=\"button\" class=\"collapsible\"><h3 style=\"display: inline-block; margin-bottom: 0px\">Prof. Philippe K\u00fcpfer<\/h3><\/button>\n<div class=\"colcontent\">\n  <p style=\"padding-top:10px;\">Professeur honoraire de Botanique \u00e9volutive \u00e0 l\u2019Universit\u00e9 de Neuch\u00e2tel, membre<\/p>\n<\/div>\n<\/div>\n<\/div>\n\n\n\n<div class=\"wp-container-19 wp-block-columns\">\n<div class=\"wp-container-17 wp-block-column zentriertsmallscreen\" style=\"flex-basis:33.33%\">\n<figure class=\"wp-block-image size-full is-style-rounded\"><img loading=\"lazy\" width=\"150\" height=\"150\" src=\"http:\/\/www.itcf.ch\/fr\/wp-content\/uploads\/sites\/2\/2022\/08\/Dr.-Karin-Federer.jpg\" alt=\"\" class=\"wp-image-793\"\/><\/figure>\n<\/div>\n\n\n\n<div class=\"wp-container-18 wp-block-column\" style=\"flex-basis:66.66%\">\n<button type=\"button\" class=\"collapsible\"><h3 style=\"display: inline-block; margin-bottom: 0px\">Dr. Karin Federer<\/h3><\/button>\n<div class=\"colcontent\">\n  <p style=\"padding-top:10px;\">Directrice du Walter Zoo \u00e0 Gossau<\/p>\n<\/div>\n<\/div>\n<\/div>\n\n\n\n<div class=\"wp-container-22 wp-block-columns\">\n<div class=\"wp-container-20 wp-block-column zentriertsmallscreen\" style=\"flex-basis:33.33%\">\n<figure class=\"wp-block-image size-full is-style-rounded\"><img loading=\"lazy\" width=\"150\" height=\"150\" src=\"http:\/\/www.itcf.ch\/fr\/wp-content\/uploads\/sites\/2\/2016\/12\/Alex-Van-Hooff.png\" alt=\"\" class=\"wp-image-547\"\/><\/figure>\n<\/div>\n\n\n\n<div class=\"wp-container-21 wp-block-column\" style=\"flex-basis:66.66%\">\n<button type=\"button\" class=\"collapsible\"><h3 style=\"display: inline-block; margin-bottom: 0px\">Alex van Hooff<\/h3><\/button>\n<div class=\"colcontent\">\n  <p style=\"padding-top:10px;\">Directeur du Zoo Royal de Burgers\u2019, \u00e0 Arnhem \u2013 Pays Bas, membre<\/p>\n<\/div>\n<\/div>\n<\/div>\n\n\n\n<\/div>\n<\/section>\n<div class=\"trenner_klein noborderfullscreen\" style=\"background: url(\/wp-content\/uploads\/2022\/10\/trenner-shipstern-conservation-management-area-corozal-belize-nature-morelet-crocodile-xo-pol.jpg) no-repeat center;)\"><\/div><A class=\"anchor\" NAME=\"Downloads\"><\/A>\n<section class=\"whitesection\">\n<div id=\"main\" class=\"container schmaler\">\n\n\n\n<div class=\"wp-container-23 wp-block-group\"><div class=\"wp-block-group__inner-container\">\n<h2>Downloads<\/h2>\n<\/div><\/div>\n\n\n\n<div class=\"wp-block-file downlink\"><a id=\"wp-block-file--media-b88dd7d7-d3e2-40f7-899c-ee632765e5d5\" href=\"http:\/\/www.itcf.ch\/fr\/wp-content\/uploads\/sites\/2\/2025\/03\/ITCF-ROR-2023.pdf\" target=\"_blank\" rel=\"noreferrer noopener\">Comptes 2023<\/a><a href=\"http:\/\/www.itcf.ch\/fr\/wp-content\/uploads\/sites\/2\/2025\/03\/ITCF-ROR-2023.pdf\" class=\"wp-block-file__button\" download aria-describedby=\"wp-block-file--media-b88dd7d7-d3e2-40f7-899c-ee632765e5d5\">Download<\/a><\/div>\n\n\n\n<div class=\"wp-block-file downlink\"><a id=\"wp-block-file--media-b88dd7d7-d3e2-40f7-899c-ee632765e5d5\" href=\"http:\/\/www.itcf.ch\/fr\/wp-content\/uploads\/sites\/2\/2024\/06\/Fondation-ITCF_ROR_ITCF_2022.pdf\" target=\"_blank\" rel=\"noreferrer noopener\">Comptes 2022<\/a><a href=\"http:\/\/www.itcf.ch\/fr\/wp-content\/uploads\/sites\/2\/2024\/06\/Fondation-ITCF_ROR_ITCF_2022.pdf\" class=\"wp-block-file__button\" download aria-describedby=\"wp-block-file--media-b88dd7d7-d3e2-40f7-899c-ee632765e5d5\">Download<\/a><\/div>\n\n\n\n<div class=\"wp-block-file downlink\"><a id=\"wp-block-file--media-b88dd7d7-d3e2-40f7-899c-ee632765e5d5\" href=\"http:\/\/www.itcf.ch\/fr\/wp-content\/uploads\/sites\/2\/2024\/06\/Fondation-ITCF_ROR-ITCF_2021.pdf\" target=\"_blank\" rel=\"noreferrer noopener\">Comptes 2021<\/a><a href=\"http:\/\/www.itcf.ch\/fr\/wp-content\/uploads\/sites\/2\/2024\/06\/Fondation-ITCF_ROR-ITCF_2021.pdf\" class=\"wp-block-file__button\" download aria-describedby=\"wp-block-file--media-b88dd7d7-d3e2-40f7-899c-ee632765e5d5\">Download<\/a><\/div>\n\n\n\n<div class=\"wp-block-file downlink\"><a id=\"wp-block-file--media-b88dd7d7-d3e2-40f7-899c-ee632765e5d5\" href=\"http:\/\/www.itcf.ch\/fr\/wp-content\/uploads\/sites\/2\/2022\/11\/Jahresrechnung-2020.pdf\" target=\"_blank\" rel=\"noreferrer noopener\">Comptes 2020<\/a><a href=\"http:\/\/www.itcf.ch\/fr\/wp-content\/uploads\/sites\/2\/2022\/11\/Jahresrechnung-2020.pdf\" class=\"wp-block-file__button\" download aria-describedby=\"wp-block-file--media-b88dd7d7-d3e2-40f7-899c-ee632765e5d5\">Download<\/a><\/div>\n\n\n\n<div class=\"wp-block-file downlink\"><a id=\"wp-block-file--media-7869df47-408c-4720-8ef8-31cab885e32e\" href=\"http:\/\/www.itcf.ch\/fr\/wp-content\/uploads\/sites\/2\/2022\/11\/Jahresrechnung-2019.pdf\" target=\"_blank\" rel=\"noreferrer noopener\">Comptes 2019<\/a><a href=\"http:\/\/www.itcf.ch\/fr\/wp-content\/uploads\/sites\/2\/2022\/11\/Jahresrechnung-2019.pdf\" class=\"wp-block-file__button\" download aria-describedby=\"wp-block-file--media-7869df47-408c-4720-8ef8-31cab885e32e\">Download<\/a><\/div>\n\n\n\n<div class=\"wp-block-file downlink\"><a id=\"wp-block-file--media-f1c5cc9a-95b3-4fb6-98eb-e8e6fcf34d47\" href=\"http:\/\/www.itcf.ch\/fr\/wp-content\/uploads\/sites\/2\/2022\/11\/Jahresrechnung-2018.pdf\" target=\"_blank\" rel=\"noreferrer noopener\">Comptes 2018<\/a><a href=\"http:\/\/www.itcf.ch\/fr\/wp-content\/uploads\/sites\/2\/2022\/11\/Jahresrechnung-2018.pdf\" class=\"wp-block-file__button\" download aria-describedby=\"wp-block-file--media-f1c5cc9a-95b3-4fb6-98eb-e8e6fcf34d47\">Download<\/a><\/div>\n\n\n\n<div class=\"wp-block-file downlink\"><a id=\"wp-block-file--media-a5e114b2-84c6-4c59-a2f6-399249b7244e\" href=\"http:\/\/www.itcf.ch\/fr\/wp-content\/uploads\/sites\/2\/2022\/08\/Comptes-2017.pdf\" target=\"_blank\" rel=\"noreferrer noopener\">Comptes 2017<\/a><a href=\"http:\/\/www.itcf.ch\/fr\/wp-content\/uploads\/sites\/2\/2022\/08\/Comptes-2017.pdf\" class=\"wp-block-file__button\" download aria-describedby=\"wp-block-file--media-a5e114b2-84c6-4c59-a2f6-399249b7244e\">Download<\/a><\/div>\n\n\n\n<div class=\"wp-block-file downlink\"><a id=\"wp-block-file--media-2c29269b-58b5-4801-8f94-bb403c6bdfeb\" href=\"http:\/\/www.itcf.ch\/fr\/wp-content\/uploads\/sites\/2\/2022\/08\/Comptes_2016.pdf\" target=\"_blank\" rel=\"noreferrer noopener\">Comptes 2016<\/a><a href=\"http:\/\/www.itcf.ch\/fr\/wp-content\/uploads\/sites\/2\/2022\/08\/Comptes_2016.pdf\" class=\"wp-block-file__button\" download aria-describedby=\"wp-block-file--media-2c29269b-58b5-4801-8f94-bb403c6bdfeb\">Download<\/a><\/div>\n\n\n\n<div class=\"wp-block-file downlink\"><a id=\"wp-block-file--media-741b3358-82eb-4717-8baf-a3b05555caf6\" href=\"http:\/\/www.itcf.ch\/fr\/wp-content\/uploads\/sites\/2\/2022\/08\/Comptes-2015.pdf\" target=\"_blank\" rel=\"noreferrer noopener\">Comptes 2015<\/a><a href=\"http:\/\/www.itcf.ch\/fr\/wp-content\/uploads\/sites\/2\/2022\/08\/Comptes-2015.pdf\" class=\"wp-block-file__button\" download aria-describedby=\"wp-block-file--media-741b3358-82eb-4717-8baf-a3b05555caf6\">Download<\/a><\/div>\n\n\n\n<div class=\"wp-block-file downlink\"><a id=\"wp-block-file--media-c3f0db05-f52f-4e0a-9ae3-7fd6993d81f6\" href=\"http:\/\/www.itcf.ch\/fr\/wp-content\/uploads\/sites\/2\/2022\/08\/Comptes-2014.pdf\" target=\"_blank\" rel=\"noreferrer noopener\">Comptes 2014<\/a><a href=\"http:\/\/www.itcf.ch\/fr\/wp-content\/uploads\/sites\/2\/2022\/08\/Comptes-2014.pdf\" class=\"wp-block-file__button\" download aria-describedby=\"wp-block-file--media-c3f0db05-f52f-4e0a-9ae3-7fd6993d81f6\">Download<\/a><\/div>\n\n\n\n<\/div>\n<\/section>\n<div class=\"trenner_klein noborderfullscreen\" style=\"background: url(\/wp-content\/uploads\/2022\/10\/trenner-shipstern-conservation-management-area-corozal-belize-nature-mangrove.jpg) no-repeat center;)\"><\/div><A class=\"anchor\" NAME=\"Partners\"><\/A>\n<section class=\"whitesection\">\n<div id=\"main\" class=\"container schmaler\">\n\n\n\n<h2>Partenaires<\/h2>\n\n\n\n<div style=\"height:50px\" aria-hidden=\"true\" class=\"wp-block-spacer\"><\/div>\n\n\n\n<h3>Zoos fondateurs&nbsp;:<\/h3>\n\n\n\n<div class=\"wp-container-28 wp-block-columns\">\n<div class=\"wp-container-25 wp-block-column highlightcolumn\">\n<div class=\"wp-container-24 wp-block-group flexer\"><div class=\"wp-block-group__inner-container\">\n<figure class=\"wp-block-image size-full\"><img loading=\"lazy\" width=\"500\" height=\"307\" src=\"http:\/\/www.itcf.ch\/fr\/wp-content\/uploads\/sites\/2\/2022\/11\/papiliorama-kerzes-logo.png\" alt=\"\" class=\"wp-image-915\" srcset=\"https:\/\/www.itcf.ch\/fr\/wp-content\/uploads\/sites\/2\/2022\/11\/papiliorama-kerzes-logo.png 500w, https:\/\/www.itcf.ch\/fr\/wp-content\/uploads\/sites\/2\/2022\/11\/papiliorama-kerzes-logo-300x184.png 300w\" sizes=\"(max-width: 500px) 100vw, 500px\" \/><\/figure>\n\n\n\n<p>La Fondation Papiliorama, situ\u00e9e \u00e0 Kerzers (Suisse), est une combinaison unique d&#8217;un zoo et d&#8217;un jardin botanique. Elle vise \u00e0 rendre le concept de biodiversit\u00e9 tangible pour ses visiteurs, en les immergeant dans des expositions pr\u00e9sentant une faune et une flore abondantes.<\/p>\n\n\n\n<p>Le Papiliorama s&#8217;efforce d&#8217;\u00eatre un ambassadeur de l&#8217;\u00e9ducation \u00e0 la biodiversit\u00e9 et de la conservation des \u00e9cosyst\u00e8mes, tant au niveau local qu&#8217;international.<\/p>\n\n\n\n<a class=\"linkbutton\" href=\"https:\/\/www.papiliorama.ch\/fr\" target=\"_blank\" data-type=\"URL\" rel=\"noopener\">En savoir plus<\/a>\n<\/div><\/div>\n<\/div>\n\n\n\n<div class=\"wp-container-27 wp-block-column highlightcolumn\">\n<div class=\"wp-container-26 wp-block-group flexer\"><div class=\"wp-block-group__inner-container\">\n<figure class=\"wp-block-image size-full\"><img loading=\"lazy\" width=\"500\" height=\"307\" src=\"http:\/\/www.itcf.ch\/fr\/wp-content\/uploads\/sites\/2\/2022\/11\/royal-burgers-zoo.png\" alt=\"\" class=\"wp-image-917\" srcset=\"https:\/\/www.itcf.ch\/fr\/wp-content\/uploads\/sites\/2\/2022\/11\/royal-burgers-zoo.png 500w, https:\/\/www.itcf.ch\/fr\/wp-content\/uploads\/sites\/2\/2022\/11\/royal-burgers-zoo-300x184.png 300w\" sizes=\"(max-width: 500px) 100vw, 500px\" \/><\/figure>\n\n\n\n<p>Le zoo royal de Burgers est l&#8217;un des plus grands zoos des Pays-Bas, accueillant plus d&#8217;un million et demi de visiteurs par an.<\/p>\n\n\n\n<p>Il est depuis longtemps un pionnier dans la cr\u00e9ation de ce que l&#8217;on appelle des \u00e9co-displays, c&#8217;est-\u00e0-dire de tr\u00e8s grandes halles abritant \u00e0 la fois des plantes et des animaux.<\/p>\n\n\n\n<p>Burgers&#8217; Bush, la toute premi\u00e8re jungle int\u00e9rieure \u00e0 grande \u00e9chelle en Europe, a ouvert en 1989, suivie au fil des ans par de nombreuses autres.<\/p>\n\n\n\n<a class=\"linkbutton\" href=\"https:\/\/www.burgerszoo.com\" target=\"_blank\" data-type=\"URL\" rel=\"noopener\">En savoir plus<\/a>\n<\/div><\/div>\n<\/div>\n<\/div>\n\n\n\n<div style=\"height:50px\" aria-hidden=\"true\" class=\"wp-block-spacer\"><\/div>\n\n\n\n<h3>Zoos partenaires&nbsp;:<\/h3>\n\n\n\n<div class=\"wp-container-33 wp-block-columns\">\n<div class=\"wp-container-30 wp-block-column flexer\">\n<div class=\"wp-container-29 wp-block-group highlightcolumn\"><div class=\"wp-block-group__inner-container\">\n<figure class=\"wp-block-image size-full\"><img loading=\"lazy\" width=\"500\" height=\"307\" src=\"http:\/\/www.itcf.ch\/fr\/wp-content\/uploads\/sites\/2\/2022\/08\/wilhelma-logo.png\" alt=\"\" class=\"wp-image-814\" srcset=\"https:\/\/www.itcf.ch\/fr\/wp-content\/uploads\/sites\/2\/2022\/08\/wilhelma-logo.png 500w, https:\/\/www.itcf.ch\/fr\/wp-content\/uploads\/sites\/2\/2022\/08\/wilhelma-logo-300x184.png 300w\" sizes=\"(max-width: 500px) 100vw, 500px\" \/><\/figure>\n\n\n\n<p>Avec plus de 1.000 esp\u00e8ces animales, la Wilhelma est l&#8217;un des zoos les plus riches en esp\u00e8ces au monde. En outre, plus de 7.000 esp\u00e8ces de plantes ornent le jardin botanique.<\/p>\n\n\n\n<a class=\"linkbutton\" href=\"http:\/\/wilhelma.de\" target=\"_blank\" data-type=\"URL\" rel=\"noopener\">En savoir plus<\/a>\n<\/div><\/div>\n<\/div>\n\n\n\n<div class=\"wp-container-32 wp-block-column flexer\">\n<div class=\"wp-container-31 wp-block-group highlightcolumn\"><div class=\"wp-block-group__inner-container\">\n<figure class=\"wp-block-image size-full\"><img loading=\"lazy\" width=\"500\" height=\"307\" src=\"http:\/\/www.itcf.ch\/fr\/wp-content\/uploads\/sites\/2\/2022\/11\/walter_zoo_logo.png\" alt=\"\" class=\"wp-image-909\" srcset=\"https:\/\/www.itcf.ch\/fr\/wp-content\/uploads\/sites\/2\/2022\/11\/walter_zoo_logo.png 500w, https:\/\/www.itcf.ch\/fr\/wp-content\/uploads\/sites\/2\/2022\/11\/walter_zoo_logo-300x184.png 300w\" sizes=\"(max-width: 500px) 100vw, 500px\" \/><\/figure>\n\n\n\n<p>Le Walter Zoo fascine grands et petits explorateurs. 1\u2019100 animaux de 130 diff\u00e9rentes esp\u00e8ces font de la visite une exp\u00e9rience inoubliable.<\/p>\n\n\n\n<a class=\"linkbutton\" href=\"https:\/\/www.walterzoo.ch\" target=\"_blank\" data-type=\"URL\" rel=\"noopener\">En savoir plus<\/a>\n<\/div><\/div>\n<\/div>\n<\/div>\n\n\n\n<div class=\"wp-container-38 wp-block-columns\">\n<div class=\"wp-container-35 wp-block-column flexer\">\n<div class=\"wp-container-34 wp-block-group highlightcolumn\"><div class=\"wp-block-group__inner-container\">\n<figure class=\"wp-block-image size-full\"><img loading=\"lazy\" width=\"500\" height=\"307\" src=\"http:\/\/www.itcf.ch\/fr\/wp-content\/uploads\/sites\/2\/2022\/08\/koelnerzoologo.png\" alt=\"\" class=\"wp-image-811\" srcset=\"https:\/\/www.itcf.ch\/fr\/wp-content\/uploads\/sites\/2\/2022\/08\/koelnerzoologo.png 500w, https:\/\/www.itcf.ch\/fr\/wp-content\/uploads\/sites\/2\/2022\/08\/koelnerzoologo-300x184.png 300w\" sizes=\"(max-width: 500px) 100vw, 500px\" \/><\/figure>\n\n\n\n<p>Le zoo de Cologne est l&#8217;un des plus grands et des plus anciens zoos d&#8217;Allemagne. Il a \u00e9t\u00e9 fond\u00e9 en 1860 et est connu depuis longtemps pour son approche progressiste et innovante de l&#8217;\u00e9levage des animaux.<\/p>\n\n\n\n<a class=\"linkbutton\" href=\"https:\/\/www.koelnerzoo.de\" target=\"_blank\" data-type=\"URL\" rel=\"noopener\">En savoir plus<\/a>\n<\/div><\/div>\n<\/div>\n\n\n\n<div class=\"wp-container-37 wp-block-column flexer\">\n<div class=\"wp-container-36 wp-block-group highlightcolumn hidden\"><div class=\"wp-block-group__inner-container\"><\/div><\/div>\n<\/div>\n<\/div>\n\n\n\n<div style=\"height:50px\" aria-hidden=\"true\" class=\"wp-block-spacer\"><\/div>\n\n\n\n<h3>Autres partenaires&nbsp;:<\/h3>\n\n\n\n<p>Alors que la plupart des fonds collect\u00e9s proviennent de donateurs individuels, l\u2019ITCF re\u00e7oit aussi un soutien de la part de diverses entreprises dans le monde.&nbsp;Contactez-nous&nbsp;si votre entreprise devait \u00eatre int\u00e9ress\u00e9e \u00e0 soutenir nos projets, avec l\u2019assurance que votre contribution sera investie judicieusement sans \u00eatre absorb\u00e9e par des frais op\u00e9rationnels.<\/p>\n\n\n\n<a class=\"linkbutton\" href=\"\/contact\/\" data-type=\"URL\">Contactez-nous<\/a>\n\n\n\n<div style=\"height:50px\" aria-hidden=\"true\" class=\"wp-block-spacer\"><\/div>\n\n\n\n<h4>Ils soutiennent le projet Belize et nous leur en sommes tr\u00e8s reconnaissants&nbsp;:<\/h4>\n\n\n\n<p class=\"lead\">Blackwolf<br>Precious Forests Foundation<br>Profix AG<br>Stiftung Ormella<br>Markus Tobler<br>Werner Dessauer Stiftung<\/p>\n\n\n\n<script>\nvar coll = document.getElementsByClassName(\"collapsible\");\nvar i;\n\nfor (i = 0; i < coll.length; i++) {\n  coll[i].addEventListener(\"click\", function() {\n    this.classList.toggle(\"active\");\n    var colcontent = this.nextElementSibling;\n    if (colcontent.style.maxHeight){\n      colcontent.style.maxHeight = null;\n    } else {\n      colcontent.style.maxHeight = colcontent.scrollHeight + \"px\";\n    } \n  });\n}\n<\/script>\n","protected":false},"excerpt":{"rendered":"<p>A propos de l&#8217;ITCF La Fondation Internationale pour la Conservation de la Nature Tropicale (International Tropical Conservation Foundation&nbsp;&#8211; ITCF) est une fondation d\u2019utilit\u00e9 publique cr\u00e9\u00e9e en 1989 par le Papiliorama de Chi\u00e8tres&nbsp;: elle a pour but&nbsp;de lier la parole aux actes, en prot\u00e9geant concr\u00e8tement et efficacement des \u00e9cosyst\u00e8mes tropicaux.&nbsp;Elle est li\u00e9e \u00e0 une autre fondation<\/p>\n<div><a class=\"btn-filled btn\" href=\"https:\/\/www.itcf.ch\/fr\/\" title=\"A propos de l&#8217;ITCF\">Read More<\/a><\/div>\n","protected":false},"author":1,"featured_media":0,"parent":0,"menu_order":0,"comment_status":"closed","ping_status":"closed","template":"page-templates\/full-width.php","meta":[],"_links":{"self":[{"href":"https:\/\/www.itcf.ch\/fr\/wp-json\/wp\/v2\/pages\/13"}],"collection":[{"href":"https:\/\/www.itcf.ch\/fr\/wp-json\/wp\/v2\/pages"}],"about":[{"href":"https:\/\/www.itcf.ch\/fr\/wp-json\/wp\/v2\/types\/page"}],"author":[{"embeddable":true,"href":"https:\/\/www.itcf.ch\/fr\/wp-json\/wp\/v2\/users\/1"}],"replies":[{"embeddable":true,"href":"https:\/\/www.itcf.ch\/fr\/wp-json\/wp\/v2\/comments?post=13"}],"version-history":[{"count":107,"href":"https:\/\/www.itcf.ch\/fr\/wp-json\/wp\/v2\/pages\/13\/revisions"}],"predecessor-version":[{"id":1094,"href":"https:\/\/www.itcf.ch\/fr\/wp-json\/wp\/v2\/pages\/13\/revisions\/1094"}],"wp:attachment":[{"href":"https:\/\/www.itcf.ch\/fr\/wp-json\/wp\/v2\/media?parent=13"}],"curies":[{"name":"wp","href":"https:\/\/api.w.org\/{rel}","templated":true}]}}