{"id":125,"date":"2016-12-12T14:11:44","date_gmt":"2016-12-12T13:11:44","guid":{"rendered":"http:\/\/www.itcf.ch\/fr\/?page_id=125"},"modified":"2022-12-05T14:22:20","modified_gmt":"2022-12-05T13:22:20","slug":"project-belize","status":"publish","type":"page","link":"https:\/\/www.itcf.ch\/fr\/project-belize\/","title":{"rendered":"Projet Belize"},"content":{"rendered":"\n<div class=\"wp-container-11 wp-block-group schmaler\"><div class=\"wp-block-group__inner-container\">\n<h1>Projet Belize<\/h1>\n\n\n\n<p class=\"lead\">La r\u00e9serve naturelle de Shipstern a \u00e9t\u00e9 cr\u00e9\u00e9e en 1989 \u00e0 l\u2019initiative de l\u2019ITCF, bas\u00e9 au&nbsp;Papiliorama&nbsp;en Suisse ainsi qu\u2019au&nbsp;Royal Burgers\u2019 Zoo&nbsp;\u00e0 Arnhem aux Pays Bas.<\/p>\n\n\n\n<p>En 2012, cette zone prot\u00e9g\u00e9e est devenue un trust \u00e0 perp\u00e9tuit\u00e9 en faveur du Gouvernment du Belize et de ses habitants, en d\u2019autres termes une r\u00e9serve officielle du pays.<\/p>\n\n\n\n<p>Connue localement sous le nom de&nbsp;Shipstern&nbsp;Conservation and Management&nbsp;Area, la r\u00e9serve se situe pr\u00e8s du village de Sarteneja dans le district de Corozal.<br><\/p>\n\n\n\n<div class=\"wp-container-1 wp-block-group embedbreiter\"><div class=\"wp-block-group__inner-container\">\n<figure class=\"wp-block-embed is-type-video is-provider-youtube wp-block-embed-youtube wp-embed-aspect-16-9 wp-has-aspect-ratio\"><div class=\"wp-block-embed__wrapper\">\n<iframe loading=\"lazy\" title=\"Shipstern Naturreservat in Belize\" width=\"1140\" height=\"641\" src=\"https:\/\/www.youtube.com\/embed\/cwHUU4gqW0M?feature=oembed\" frameborder=\"0\" allow=\"accelerometer; autoplay; clipboard-write; encrypted-media; gyroscope; picture-in-picture\" allowfullscreen><\/iframe>\n<\/div><\/figure>\n<\/div><\/div>\n\n\n\n<figure class=\"wp-block-image size-full is-resized\"><img src=\"http:\/\/www.itcf.ch\/fr\/wp-content\/uploads\/sites\/2\/2016\/12\/CSFI-Logo.png\" alt=\"\" class=\"wp-image-126\" width=\"226\" srcset=\"https:\/\/www.itcf.ch\/fr\/wp-content\/uploads\/sites\/2\/2016\/12\/CSFI-Logo.png 451w, https:\/\/www.itcf.ch\/fr\/wp-content\/uploads\/sites\/2\/2016\/12\/CSFI-Logo-300x120.png 300w\" sizes=\"(max-width: 451px) 100vw, 451px\" \/><\/figure>\n\n\n\n<p>La&nbsp;<strong>Corozal Sustainable Future Initiative&nbsp;(CSFI) <\/strong>est une organisation non-gouvernementale b\u00e9lizienne \u00e0 but non lucratif, d\u00fbment enregistr\u00e9e et audit\u00e9e, de m\u00eame que neutre et apolitique. Elle a \u00e9t\u00e9 cr\u00e9\u00e9e par le Papiliorama et le Zoo de Burgers en 1990 et son conseil est compos\u00e9 de&nbsp;d\u00e9fenseurs de l\u2019environnement \u2013 par profession ou de c\u0153ur-, b\u00e9liziens et \u00e9trangers.<\/p>\n\n\n\n<p>Bien que son si\u00e8ge l\u00e9gal soit \u00e0 Belize City, la CSFI a de tout temps \u00e9t\u00e9 une organisation strictement de terrain, ses bureaux \u00e9tant aujourd\u2019hui toujours situ\u00e9s au c\u0153ur de la r\u00e9serve de Shipstern.<\/p>\n\n\n\n<p>La CSFI s\u2019appuie sur&nbsp;trois principaux objectifs&nbsp;pour remplir sa mission:<\/p>\n\n\n\n<ul><li>la conservation de la nature<\/li><li>l&#8217;\u00e9ducation et<\/li><li>le tourisme \u00e9quitable<\/li><\/ul>\n\n\n\n<\/div>\n<\/section><div class=\"highlight\"><h2 style=\"color: #3f8c34; font-weight: 600;\">Follow the Team in the Field<\/h2><a href=\"https:\/\/www.facebook.com\/visitshipstern\" target=\"_blank\" rel=\"noopener\"><img src=\"\/wp-content\/uploads\/sites\/2\/2022\/12\/facebook-icon-csfi.png\" style=\"width: 50px; margin: 0 10px 0 0;\"\/><\/a><a href=\"https:\/\/www.instagram.com\/conservation_csfi\" target=\"_blank\" rel=\"noopener\"><img src=\"\/wp-content\/uploads\/sites\/2\/2022\/12\/instagram-icon-csfi.png\" style=\"width: 50px; margin: 0 10px 0 0;\"\/><\/a><\/div><section>\n<div id=\"main\" class=\"container schmaler\">\n\n\n\n<div class=\"wp-container-5 wp-block-group schmaler\"><div class=\"wp-block-group__inner-container\">\n<figure class=\"wp-block-image size-full sliderbreiter\"><img loading=\"lazy\" width=\"900\" height=\"931\" src=\"http:\/\/www.itcf.ch\/fr\/wp-content\/uploads\/sites\/2\/2022\/10\/Sep22_NortheasternBiologicalCorridor_ProjectArea.jpg\" alt=\"\" class=\"wp-image-887\" srcset=\"https:\/\/www.itcf.ch\/fr\/wp-content\/uploads\/sites\/2\/2022\/10\/Sep22_NortheasternBiologicalCorridor_ProjectArea.jpg 900w, https:\/\/www.itcf.ch\/fr\/wp-content\/uploads\/sites\/2\/2022\/10\/Sep22_NortheasternBiologicalCorridor_ProjectArea-290x300.jpg 290w, https:\/\/www.itcf.ch\/fr\/wp-content\/uploads\/sites\/2\/2022\/10\/Sep22_NortheasternBiologicalCorridor_ProjectArea-768x794.jpg 768w\" sizes=\"(max-width: 900px) 100vw, 900px\" \/><\/figure>\n\n\n\n<div class=\"wp-container-4 wp-block-columns zentriert schmaler\">\n<div class=\"wp-container-2 wp-block-column\">\n<figure class=\"wp-block-image size-full is-resized\"><img loading=\"lazy\" src=\"http:\/\/www.itcf.ch\/fr\/wp-content\/uploads\/sites\/2\/2022\/10\/logo-shipstern-belize.png\" alt=\"\" class=\"wp-image-892\" width=\"150\" height=\"150\" srcset=\"https:\/\/www.itcf.ch\/fr\/wp-content\/uploads\/sites\/2\/2022\/10\/logo-shipstern-belize.png 200w, https:\/\/www.itcf.ch\/fr\/wp-content\/uploads\/sites\/2\/2022\/10\/logo-shipstern-belize-150x150.png 150w\" sizes=\"(max-width: 150px) 100vw, 150px\" \/><\/figure>\n\n\n\n<a class=\"linkbutton\" href=\"\/#Shipstern\" data-type=\"URL\" data-id=\"\/#Shipstern\">Shipstern<\/a>\n<\/div>\n\n\n\n<div class=\"wp-container-3 wp-block-column\">\n<div style=\"height:25px\" aria-hidden=\"true\" class=\"wp-block-spacer\"><\/div>\n\n\n\n<figure class=\"wp-block-image size-full is-resized\"><img loading=\"lazy\" src=\"http:\/\/www.itcf.ch\/fr\/wp-content\/uploads\/sites\/2\/2022\/10\/logo-northeastern-biological-corridor-belize.png\" alt=\"\" class=\"wp-image-891\" width=\"113\" height=\"123\"\/><\/figure>\n\n\n\n<a class=\"linkbutton\" href=\"\/#northeast\" data-type=\"URL\" data-id=\"\/#northeast\">NEBC<\/a>\n<\/div>\n<\/div>\n<\/div><\/div>\n\n\n\n<\/section>\n<div class=\"trenner_gross noborderfullscreen\" style=\"background: url(\/wp-content\/uploads\/2022\/10\/trenner-shipstern-conservation-management-area-corozal-belize-nature-tower.jpg) no-repeat center;)\">\n<\/div><a class=\"anchor\" name=\"Shipstern\"><\/a>\n<section class=\"whitesection\">\n<div id=\"main\" class=\"container schmaler\">\n\n\n\n<div class=\"wp-container-8 wp-block-group schmaler\"><div class=\"wp-block-group__inner-container\">\n<h2>Shipstern Conservation &amp; Management Area<\/h2>\n\n\n\n<p class=\"lead\">La R\u00e9serve Naturelle de Shipstern (Shipstern Conservation &amp; Management Area)&nbsp;est situ\u00e9e tout au nord-est de Belize dans le district de Corozal. Cr\u00e9\u00e9e en 1989 sous le nom de Shipstern Nature Reserve, elle a \u00e9t\u00e9 inaugur\u00e9e par le Ministre des Ressources Naturelles en septembre 1990.<\/p>\n\n\n\n<p>N\u00e9e de la fusion graduelle de trois parcelles, elle couvre aujourd\u2019hui 11&#8217;000 hectares (110 km<sup>2<\/sup>), et prot\u00e8ge, en plus de vastes for\u00eats, des habitats aquatiques importants comme la&nbsp;Lagune de Shipstern&nbsp;de m\u00eame que les \u00e9tangs de Xo-Pol et de Xacan Chacmol. Le 31 octobre 2012, Shipstern a \u00e9t\u00e9 incluse \u00e0 perp\u00e9tuit\u00e9 dans un trust au profit du peuple et du gouvernement du Belize.<\/p>\n\n\n\n<p>Shipstern est depuis longtemps reconnue comme \u00e9tant l\u2019une des zones prot\u00e9g\u00e9es les plus importantes du Belize, d\u00e8s lors qu\u2019elle sauvegarde une grande vari\u00e9t\u00e9 d\u2019habitats rares, dont certains ne se trouvent qu\u2019\u00e0 cet endroit du pays.&nbsp;Les for\u00eats de Shipstern et des alentours se r\u00e9g\u00e9n\u00e8rent sans aucune perturbation depuis le passage de l\u2019ouragan Janet, qui avait d\u00e9truit toute la zone en 1955.&nbsp;Ainsi, bien que structurellement toujours secondaires, les for\u00eats de Shipstern peuvent \u00eatre consid\u00e9r\u00e9es comme vierges.<\/p>\n\n\n\n<figure class=\"wp-block-image size-full is-resized zentriert\"><img loading=\"lazy\" src=\"http:\/\/www.itcf.ch\/fr\/wp-content\/uploads\/sites\/2\/2022\/10\/logo-shipstern-belize.png\" alt=\"\" class=\"wp-image-892\" width=\"150\" height=\"150\" title=\"\" srcset=\"https:\/\/www.itcf.ch\/fr\/wp-content\/uploads\/sites\/2\/2022\/10\/logo-shipstern-belize.png 200w, https:\/\/www.itcf.ch\/fr\/wp-content\/uploads\/sites\/2\/2022\/10\/logo-shipstern-belize-150x150.png 150w\" sizes=\"(max-width: 150px) 100vw, 150px\" \/><\/figure>\n\n\n\n<h3>Fauna<\/h3>\n\n\n\n<div class=\"wp-container-6 wp-block-group sliderbreiter\"><div class=\"wp-block-group__inner-container\"><div id=\"metaslider-id-556\" style=\"max-width: 1240px;\" class=\"ml-slider-3-27-8 metaslider metaslider-responsive metaslider-556 ml-slider metaslidershadow\">\n    <div id=\"metaslider_container_556\">\n        <ul id='metaslider_556' class='rslides'>\n            <li><img src=\"https:\/\/www.itcf.ch\/fr\/wp-content\/uploads\/sites\/2\/2022\/12\/animals-of-shipstern-belize-jaguar03-899x600.jpg\" height=\"827\" width=\"1240\" alt=\"\" class=\"slider-556 slide-963\" title=\"animals-of-shipstern-belize-jaguar03\" \/><\/li>\n            <li style='display: none;'><img src=\"https:\/\/www.itcf.ch\/fr\/wp-content\/uploads\/sites\/2\/2022\/12\/animals-of-shipstern-belize-slider-geoffroys-spider-monkey-899x600.jpg\" height=\"827\" width=\"1240\" alt=\"\" class=\"slider-556 slide-965\" title=\"animals-of-shipstern-belize-slider-geoffroys-spider-monkey\" \/><\/li>\n            <li style='display: none;'><img src=\"https:\/\/www.itcf.ch\/fr\/wp-content\/uploads\/sites\/2\/2022\/12\/animals-of-shipstern-belize-deer02-899x600.jpg\" height=\"827\" width=\"1240\" alt=\"\" class=\"slider-556 slide-962\" title=\"animals-of-shipstern-belize-deer02\" \/><\/li>\n            <li style='display: none;'><img src=\"https:\/\/www.itcf.ch\/fr\/wp-content\/uploads\/sites\/2\/2022\/12\/animals-of-shipstern-belize-slider-ocelot02-899x600.jpg\" height=\"827\" width=\"1240\" alt=\"\" class=\"slider-556 slide-966\" title=\"animals-of-shipstern-belize-slider-ocelot02\" \/><\/li>\n            <li style='display: none;'><img src=\"https:\/\/www.itcf.ch\/fr\/wp-content\/uploads\/sites\/2\/2022\/12\/animals-of-shipstern-belize-slider-black-iguana-899x600.jpg\" height=\"827\" width=\"1240\" alt=\"\" class=\"slider-556 slide-964\" title=\"animals-of-shipstern-belize-slider-black-iguana\" \/><\/li>\n            <li style='display: none;'><img src=\"https:\/\/www.itcf.ch\/fr\/wp-content\/uploads\/sites\/2\/2022\/12\/birds-of-shipstern-belize-slider-black-collared-aracari-02.jpg\" height=\"827\" width=\"1240\" alt=\"\" class=\"slider-556 slide-968\" title=\"birds-of-shipstern-belize-slider-black-collared-aracari-02\" \/><\/li>\n            <li style='display: none;'><img src=\"https:\/\/www.itcf.ch\/fr\/wp-content\/uploads\/sites\/2\/2022\/12\/animals-of-shipstern-belize-climb-899x600.jpg\" height=\"827\" width=\"1240\" alt=\"\" class=\"slider-556 slide-961\" title=\"animals-of-shipstern-belize-climb\" \/><\/li>\n            <li style='display: none;'><img src=\"https:\/\/www.itcf.ch\/fr\/wp-content\/uploads\/sites\/2\/2022\/12\/animals-of-shipstern-belize-slider-red-eyed-tree-frog-899x600.jpg\" height=\"827\" width=\"1240\" alt=\"\" class=\"slider-556 slide-967\" title=\"animals-of-shipstern-belize-slider-red-eyed-tree-frog\" \/><\/li>\n            <li style='display: none;'><img src=\"https:\/\/www.itcf.ch\/fr\/wp-content\/uploads\/sites\/2\/2022\/12\/birds-of-shipstern-belize-slider-toucan-899x600.jpg\" height=\"827\" width=\"1240\" alt=\"\" class=\"slider-556 slide-973\" title=\"birds-of-shipstern-belize-slider-toucan\" \/><\/li>\n            <li style='display: none;'><img src=\"https:\/\/www.itcf.ch\/fr\/wp-content\/uploads\/sites\/2\/2022\/12\/birds-of-shipstern-belize-slider-green-heron-899x600.jpg\" height=\"827\" width=\"1240\" alt=\"\" class=\"slider-556 slide-969\" title=\"birds-of-shipstern-belize-slider-green-heron\" \/><\/li>\n            <li style='display: none;'><img src=\"https:\/\/www.itcf.ch\/fr\/wp-content\/uploads\/sites\/2\/2022\/12\/birds-of-shipstern-belize-slider-hokko02-899x600.jpg\" height=\"827\" width=\"1240\" alt=\"\" class=\"slider-556 slide-970\" title=\"birds-of-shipstern-belize-slider-hokko02\" \/><\/li>\n            <li style='display: none;'><img src=\"https:\/\/www.itcf.ch\/fr\/wp-content\/uploads\/sites\/2\/2022\/12\/birds-of-shipstern-belize-slider-reddish-egret-open-wings-899x600.jpg\" height=\"827\" width=\"1240\" alt=\"\" class=\"slider-556 slide-971\" title=\"birds-of-shipstern-belize-slider-reddish-egret-open-wings\" \/><\/li>\n            <li style='display: none;'><img src=\"https:\/\/www.itcf.ch\/fr\/wp-content\/uploads\/sites\/2\/2022\/12\/birds-of-shipstern-belize-slider-stork-roseate-spoonbill-899x600.jpg\" height=\"827\" width=\"1240\" alt=\"\" class=\"slider-556 slide-972\" title=\"birds-of-shipstern-belize-slider-stork-roseate-spoonbill\" \/><\/li>\n        <\/ul>\n        \n    <\/div>\n<\/div>\n<\/div><\/div>\n\n\n\n<div style=\"height:20px\" aria-hidden=\"true\" class=\"wp-block-spacer\"><\/div>\n\n\n\n<p>La faune&nbsp;de Shipstern, gr\u00e2ce \u00e0 plus de trois d\u00e9cennies de protection, est toujours&nbsp;diversifi\u00e9e et abondante.&nbsp;Des&nbsp;p\u00e9caris, des&nbsp;hoccos&nbsp;et des&nbsp;cerfs&nbsp;parcourent les for\u00eats et les savanes, et constituent des proies pr\u00e9cieuses pour les&nbsp;jaguars&nbsp;et les&nbsp;pumas. Les trois autres esp\u00e8ces de f\u00e9lins du B\u00e9lize (ocelot, jaguarundi &amp; margay) sont aussi toutes pr\u00e9sentes.<\/p>\n\n\n\n<p>Le&nbsp;tapir de Baird&nbsp;est toujours abondant. Le&nbsp;toucan \u00e0 car\u00e8ne&nbsp;est commun, tout comme plusieurs esp\u00e8ces de perroquets et beaucoup d\u2019esp\u00e8ces end\u00e9miques du Yucatan. Une raret\u00e9 est le&nbsp;moqueur noir&nbsp;pour qui Shipstern est au Belize le seul habitat connu sur la terre ferme. Vous trouverez plus de documentation sur le site de la CSFI<\/p>\n\n\n\n<a class=\"linkbutton\" href=\"http:\/\/www.csfi.bz\/downloads\/\" data-type=\"URL\">csfi.bz<\/a>\n\n\n\n<div style=\"height:60px\" aria-hidden=\"true\" class=\"wp-block-spacer\"><\/div>\n\n\n\n<h3>Flora<\/h3>\n\n\n\n<div class=\"wp-container-7 wp-block-group sliderbreiter\"><div class=\"wp-block-group__inner-container\"><div id=\"metaslider-id-558\" style=\"max-width: 1240px;\" class=\"ml-slider-3-27-8 metaslider metaslider-responsive metaslider-558 ml-slider metaslidershadow\">\n    <div id=\"metaslider_container_558\">\n        <ul id='metaslider_558' class='rslides'>\n            <li><img src=\"https:\/\/www.itcf.ch\/fr\/wp-content\/uploads\/sites\/2\/2022\/12\/fauna-of-shipstern-belize-flower_01.jpg\" height=\"827\" width=\"1240\" alt=\"\" class=\"slider-558 slide-987\" title=\"fauna-of-shipstern-belize-flower_01\" \/><\/li>\n            <li style='display: none;'><img src=\"https:\/\/www.itcf.ch\/fr\/wp-content\/uploads\/sites\/2\/2022\/12\/fauna-of-shipstern-belize-achmaea-cf-bracteata-899x600.jpg\" height=\"827\" width=\"1240\" alt=\"\" class=\"slider-558 slide-986\" title=\"fauna-of-shipstern-belize-achmaea-cf-bracteata\" \/><\/li>\n            <li style='display: none;'><img src=\"https:\/\/www.itcf.ch\/fr\/wp-content\/uploads\/sites\/2\/2022\/12\/fauna-of-shipstern-belize-flower_02.jpg\" height=\"827\" width=\"1240\" alt=\"\" class=\"slider-558 slide-988\" title=\"fauna-of-shipstern-belize-flower_02\" \/><\/li>\n            <li style='display: none;'><img src=\"https:\/\/www.itcf.ch\/fr\/wp-content\/uploads\/sites\/2\/2022\/12\/fauna-of-shipstern-belize-flower_04.jpg\" height=\"827\" width=\"1240\" alt=\"\" class=\"slider-558 slide-990\" title=\"fauna-of-shipstern-belize-flower_04\" \/><\/li>\n            <li style='display: none;'><img src=\"https:\/\/www.itcf.ch\/fr\/wp-content\/uploads\/sites\/2\/2022\/12\/fauna-of-shipstern-belize-flower_03.jpg\" height=\"827\" width=\"1240\" alt=\"\" class=\"slider-558 slide-989\" title=\"fauna-of-shipstern-belize-flower_03\" \/><\/li>\n            <li style='display: none;'><img src=\"https:\/\/www.itcf.ch\/fr\/wp-content\/uploads\/sites\/2\/2022\/12\/fauna-of-shipstern-belize-forest-trees.jpg\" height=\"827\" width=\"1240\" alt=\"\" class=\"slider-558 slide-991\" title=\"fauna-of-shipstern-belize-forest-trees\" \/><\/li>\n            <li style='display: none;'><img src=\"https:\/\/www.itcf.ch\/fr\/wp-content\/uploads\/sites\/2\/2022\/12\/fauna-of-shipstern-belize-ryncholaelia-dibigyna-899x600.jpg\" height=\"827\" width=\"1240\" alt=\"\" class=\"slider-558 slide-993\" title=\"fauna-of-shipstern-belize-ryncholaelia-dibigyna\" \/><\/li>\n            <li style='display: none;'><img src=\"https:\/\/www.itcf.ch\/fr\/wp-content\/uploads\/sites\/2\/2022\/12\/fauna-of-shipstern-belize-mangroves.jpg\" height=\"827\" width=\"1240\" alt=\"\" class=\"slider-558 slide-992\" title=\"fauna-of-shipstern-belize-mangroves\" \/><\/li>\n            <li style='display: none;'><img src=\"https:\/\/www.itcf.ch\/fr\/wp-content\/uploads\/sites\/2\/2022\/12\/fauna-of-shipstern-belize-seedling-mahogany-1240x827.jpg\" height=\"827\" width=\"1240\" alt=\"\" class=\"slider-558 slide-994\" title=\"fauna-of-shipstern-belize-seedling-mahogany\" \/><\/li>\n            <li style='display: none;'><img src=\"https:\/\/www.itcf.ch\/fr\/wp-content\/uploads\/sites\/2\/2022\/12\/fauna-of-shipstern-belize-tillandsia-sp-899x600.jpg\" height=\"827\" width=\"1240\" alt=\"\" class=\"slider-558 slide-995\" title=\"fauna-of-shipstern-belize-tillandsia-sp\" \/><\/li>\n            <li style='display: none;'><img src=\"https:\/\/www.itcf.ch\/fr\/wp-content\/uploads\/sites\/2\/2022\/12\/fauna-of-shipstern-belize-tree-flower.jpg\" height=\"827\" width=\"1240\" alt=\"\" class=\"slider-558 slide-996\" title=\"fauna-of-shipstern-belize-tree-flower\" \/><\/li>\n            <li style='display: none;'><img src=\"https:\/\/www.itcf.ch\/fr\/wp-content\/uploads\/sites\/2\/2022\/12\/fauna-of-shipstern-belize-tree-899x600.jpg\" height=\"827\" width=\"1240\" alt=\"\" class=\"slider-558 slide-997\" title=\"fauna-of-shipstern-belize-tree\" \/><\/li>\n        <\/ul>\n        \n    <\/div>\n<\/div>\n<\/div><\/div>\n\n\n\n<div style=\"height:20px\" aria-hidden=\"true\" class=\"wp-block-spacer\"><\/div>\n\n\n\n<p>La flore de Shipstern&nbsp;est tout aussi diversifi\u00e9e. C\u2019est le seul endroit du Belize o\u00f9 l\u2019on peut trouver&nbsp;une for\u00eat semi-caducifoli\u00e9e de taille moyenne, tout \u00e0 c\u00f4t\u00e9 d\u2019une for\u00eat encore plus rare,&nbsp;la for\u00eat c\u00f4ti\u00e8re s\u00e8che \u00e0 palmier&nbsp;Pseudophoenixdu Yucatan.<\/p>\n\n\n\n<p>Ce type de for\u00eat est non seulement rare au Belize (seulement pr\u00e9sent \u00e0 Shipstern et au Parc National de Bacalar Chico), mais \u00e9galement menac\u00e9e dans le Yucatan, o\u00f9 elle est confin\u00e9e \u00e0 seulement quatre petites zones de la p\u00e9ninsule. Vous trouverez plus de documentation sur le site de la CSFI.<\/p>\n\n\n\n<a class=\"linkbutton\" href=\"http:\/\/www.csfi.bz\/downloads\/\" data-type=\"URL\">csfi.bz<\/a>\n\n\n\n<div style=\"height:60px\" aria-hidden=\"true\" class=\"wp-block-spacer\"><\/div>\n<\/div><\/div>\n\n\n\n<\/section>\n<div class=\"trenner_klein noborderfullscreen\" style=\"background: url(\/wp-content\/uploads\/2022\/10\/trenner-shipstern-conservation-management-area-corozal-belize-nature-marsh-honey-camp.jpg) no-repeat center;)\">\n<\/div><A class=\"anchor\" NAME=\"northeast\"><\/A>\n<section class=\"whitesection\">\n<div id=\"main\" class=\"container schmaler\">\n\n\n\n<div class=\"wp-container-10 wp-block-group\"><div class=\"wp-block-group__inner-container\">\n<h2>Le Corridor Biologique du Nord-Est<\/h2>\n\n\n\n<p class=\"lead\">Le 22 janvier 2020, le ministre de l&#8217;Agriculture, de la P\u00eache, des For\u00eats, de l&#8217;Environnement, du D\u00e9veloppement durable et de l&#8217;Immigration signait un d\u00e9cret ent\u00e9rinant la cr\u00e9ation du Corridor Biologique du Nord-Est.&nbsp;&nbsp;Celui-ci a pour but de prot\u00e9ger les for\u00eats importantes situ\u00e9es dans une r\u00e9gion o\u00f9 l\u2019agriculture industrielle est en pleine expansion.&nbsp;<\/p>\n\n\n\n<div class=\"wp-container-9 wp-block-group sliderbreiter\"><div class=\"wp-block-group__inner-container\">\n<div style=\"height:20px\" aria-hidden=\"true\" class=\"wp-block-spacer\"><\/div>\n\n\n<div id=\"metaslider-id-938\" style=\"width: 100%;\" class=\"ml-slider-3-27-8 metaslider metaslider-flex metaslider-938 ml-slider metaslidershadow\">\n    <div id=\"metaslider_container_938\">\n        <div id=\"metaslider_938\" class=\"flexslider\">\n            <ul aria-live=\"polite\" class=\"slides\">\n                <li style=\"display: none; width: 100%;\" class=\"slide-944 ms-image\"><img src=\"https:\/\/www.itcf.ch\/fr\/wp-content\/uploads\/sites\/2\/2022\/12\/shipstern-01-400x525.jpg\" height=\"525\" width=\"400\" alt=\"\" class=\"slider-938 slide-944\" title=\"shipstern-01\" \/><div class=\"caption-wrap\"><div class=\"caption\">1990 |\u00a0Shipstern Nature Reserve<\/div><\/div><\/li>\n                <li style=\"display: none; width: 100%;\" class=\"slide-943 ms-image\"><img src=\"https:\/\/www.itcf.ch\/fr\/wp-content\/uploads\/sites\/2\/2022\/12\/shipstern-02-400x525.jpg\" height=\"525\" width=\"400\" alt=\"\" class=\"slider-938 slide-943\" title=\"shipstern-02\" \/><div class=\"caption-wrap\"><div class=\"caption\">1994 | Xo Pol Parcel<\/div><\/div><\/li>\n                <li style=\"display: none; width: 100%;\" class=\"slide-942 ms-image\"><img src=\"https:\/\/www.itcf.ch\/fr\/wp-content\/uploads\/sites\/2\/2022\/12\/shipstern-03-400x525.jpg\" height=\"525\" width=\"400\" alt=\"\" class=\"slider-938 slide-942\" title=\"shipstern-03\" \/><div class=\"caption-wrap\"><div class=\"caption\">2013 |\u00a0Freshwater Creek FP &amp; Honey Camp NP<\/div><\/div><\/li>\n                <li style=\"display: none; width: 100%;\" class=\"slide-941 ms-image\"><img src=\"https:\/\/www.itcf.ch\/fr\/wp-content\/uploads\/sites\/2\/2022\/12\/shipstern-04-400x525.jpg\" height=\"525\" width=\"400\" alt=\"\" class=\"slider-938 slide-941\" title=\"shipstern-04\" \/><div class=\"caption-wrap\"><div class=\"caption\">2019 |\u00a0North Eastern Biological Corridor<\/div><\/div><\/li>\n                <li style=\"display: none; width: 100%;\" class=\"slide-945 ms-image\"><img src=\"https:\/\/www.itcf.ch\/fr\/wp-content\/uploads\/sites\/2\/2022\/12\/shipstern-05-400x525.jpg\" height=\"525\" width=\"400\" alt=\"\" class=\"slider-938 slide-945\" title=\"shipstern-05\" \/><div class=\"caption-wrap\"><div class=\"caption\">2020 | Warree Bight South<\/div><\/div><\/li>\n                <li style=\"display: none; width: 100%;\" class=\"slide-946 ms-image\"><img src=\"https:\/\/www.itcf.ch\/fr\/wp-content\/uploads\/sites\/2\/2022\/12\/shipstern-06-400x525.jpg\" height=\"525\" width=\"400\" alt=\"\" class=\"slider-938 slide-946\" title=\"shipstern-06\" \/><div class=\"caption-wrap\"><div class=\"caption\">2021 - 2030 |\u00a0Finalize Biological Corridors<\/div><\/div><\/li>\n            <\/ul>\n        <\/div>\n        \n    <\/div>\n<\/div>\n<\/div><\/div>\n\n\n\n<p>Le Corridor Biologique du Nord-Est couvre une surface de pr\u00e8s de 28 000 hectares de terres, dont 13\u2019600 hectares de terres priv\u00e9es (pour la plupart sous trust \u00e0 perp\u00e9tuit\u00e9) et les r\u00e9serves anciennement connues sous le nom de Freshwater Creek Forest Reserve et Honey Camp National Park. Il comprend des for\u00eats sempervirentes de plaine, des mangroves, des for\u00eats littorales, des lagunes d&#8217;eau douce et des zones humides.<\/p>\n\n\n\n<p>Le Corridor Biologique du Nord-Est abrite plus de 1 000 esp\u00e8ces connues de plantes et d&#8217;animaux, et son importance en terme de services \u00e9cosyst\u00e9miques vitaux (tels que la pollinisation, la r\u00e9tention et la lib\u00e9ration de l&#8217;eau, la formation de la pluie et l&#8217;att\u00e9nuation des inondations pour les cultures de canne \u00e0 sucre, de haricots, de riz et les communaut\u00e9s adjacentes) est reconnue par tous les partenaires impliqu\u00e9s. Les \u00e9cosyst\u00e8mes naturels de la zone permettent ainsi de g\u00e9n\u00e9rer des revenus pour les communaut\u00e9s locales en fournissant des zones de reproduction pour le gibier et une pr\u00e9cieuse banque de semences pour les esp\u00e8ces de bois. Enfin et surtout, ils offrent des possibilit\u00e9s d&#8217;emploi aux communaut\u00e9s locales par le biais de la CSFI.<\/p>\n\n\n\n<p>La r\u00e9alisation du corridor est l&#8217;aboutissement de plus de vingt ans d&#8217;efforts inlassables et de d\u00e9vouement de la part de nombreux acteurs. Il est le r\u00e9sultat d&#8217;un partenariat intelligent entre le gouvernement du Belize, les ONG de protection de la nature locales et internationales, les communaut\u00e9s environnantes et le secteur priv\u00e9.&nbsp;&nbsp;L\u2019ITCF et la CSFI ont jou\u00e9 un r\u00f4le d\u00e9terminant dans la coordination des efforts administratifs menant \u00e0 la d\u00e9claration du Corridor ainsi que dans la mise en \u0153uvre des lignes de d\u00e9marcations, dans le terrain, des nouvelles zones prot\u00e9g\u00e9es.&nbsp;<\/p>\n\n\n\n<p>En 2020, la CSFI a sign\u00e9 un accord de cogestion de 20 ans avec le gouvernement du Belize, portant sur l&#8217;ensemble du corridor biologique. Elle emploie aujourd\u2019hui plus de 45 personnes, toutes issues des communaut\u00e9s locales, ce qui fait d\u2019elle l&#8217;un des plus gros employeurs du nord-est du Belize. Son budget annuel de 700&#8217;000 US$ est presque enti\u00e8rement investi dans et autour des zones prot\u00e9g\u00e9es, faisant de la CSFI un acteur \u00e9conomique important dans la r\u00e9gion.<\/p>\n\n\n\n<figure class=\"wp-block-image size-full is-resized zentriert\"><img loading=\"lazy\" src=\"http:\/\/www.itcf.ch\/fr\/wp-content\/uploads\/sites\/2\/2022\/10\/logo-northeastern-biological-corridor-belize.png\" alt=\"\" class=\"wp-image-891\" width=\"113\" height=\"123\" title=\"\"\/><\/figure>\n<\/div><\/div>\n<\/div><\/div>\n","protected":false},"excerpt":{"rendered":"<p>Projet Belize La r\u00e9serve naturelle de Shipstern a \u00e9t\u00e9 cr\u00e9\u00e9e en 1989 \u00e0 l\u2019initiative de l\u2019ITCF, bas\u00e9 au&nbsp;Papiliorama&nbsp;en Suisse ainsi qu\u2019au&nbsp;Royal Burgers\u2019 Zoo&nbsp;\u00e0 Arnhem aux Pays Bas. En 2012, cette zone prot\u00e9g\u00e9e est devenue un trust \u00e0 perp\u00e9tuit\u00e9 en faveur du Gouvernment du Belize et de ses habitants, en d\u2019autres termes une r\u00e9serve officielle du<\/p>\n<div><a class=\"btn-filled btn\" href=\"https:\/\/www.itcf.ch\/fr\/project-belize\/\" title=\"Projet Belize\">Read More<\/a><\/div>\n","protected":false},"author":1,"featured_media":0,"parent":0,"menu_order":0,"comment_status":"closed","ping_status":"closed","template":"page-templates\/full-width.php","meta":[],"_links":{"self":[{"href":"https:\/\/www.itcf.ch\/fr\/wp-json\/wp\/v2\/pages\/125"}],"collection":[{"href":"https:\/\/www.itcf.ch\/fr\/wp-json\/wp\/v2\/pages"}],"about":[{"href":"https:\/\/www.itcf.ch\/fr\/wp-json\/wp\/v2\/types\/page"}],"author":[{"embeddable":true,"href":"https:\/\/www.itcf.ch\/fr\/wp-json\/wp\/v2\/users\/1"}],"replies":[{"embeddable":true,"href":"https:\/\/www.itcf.ch\/fr\/wp-json\/wp\/v2\/comments?post=125"}],"version-history":[{"count":42,"href":"https:\/\/www.itcf.ch\/fr\/wp-json\/wp\/v2\/pages\/125\/revisions"}],"predecessor-version":[{"id":999,"href":"https:\/\/www.itcf.ch\/fr\/wp-json\/wp\/v2\/pages\/125\/revisions\/999"}],"wp:attachment":[{"href":"https:\/\/www.itcf.ch\/fr\/wp-json\/wp\/v2\/media?parent=125"}],"curies":[{"name":"wp","href":"https:\/\/api.w.org\/{rel}","templated":true}]}}